{"id":2,"date":"2011-01-29T20:58:08","date_gmt":"2011-01-29T20:58:08","guid":{"rendered":"http:\/\/pzq.329.mywebsitetransfer.com\/?page_id=2"},"modified":"2025-03-24T11:45:25","modified_gmt":"2025-03-24T17:45:25","slug":"about","status":"publish","type":"page","link":"https:\/\/cega.cr\/?page_id=2","title":{"rendered":"Nosotros"},"content":{"rendered":"<h2>Qui\u00e9nes somos<\/h2>\n<p>CEGA es una empresa de ingenier\u00eda estructural y arquitectura, con m\u00e1s de 24 a\u00f1os de experiencia en el desarrollo e implementaci\u00f3n de soluciones.<\/p>\n<p>Nuestros servicios de consultor\u00eda son integrales, incluyendo desde las actividades de an\u00e1lisis, propuesta y evaluaci\u00f3n de alternativas, hasta el dise\u00f1o, desarrollo e implementaci\u00f3n de las soluciones.<\/p>\n<p>Somos un equipo de profesionales formados en las \u00e1reas de ingenier\u00eda, arquitectura, dise\u00f1o, administraci\u00f3n, inspecci\u00f3n y dibujo; lo que nos permite interpretar las necesidades de nuestros clientes.<\/p>\n<p>Nuestros equipo cuentan con experiencia, conocimiento y continua actualizaci\u00f3n, lo que nos posibilita abarcar los proyectos de manera integral. Contamos con una amplia experiencia en desarrollo e implementaci\u00f3n de dise\u00f1os de estructuras y arquitect\u00f3nicos, en el manejo e inspecci\u00f3n de proyectos, as\u00ed como en los tr\u00e1mites de permisos constructivos.<\/p>\n<p>Proveemos servicios y soluciones especializadas, integrando la tecnolog\u00eda adecuada con los planes estrat\u00e9gicos del cliente y un detallado an\u00e1lisis de sus necesidades, buscando el \u00f3ptimo costo-beneficio.<\/p>\n<h2>Misi\u00f3n<\/h2>\n<p>Construir el camino entre las necesidades y las soluciones de arquitectura e ingenier\u00eda para nuestros clientes, mediante la excelencia operativa en el dise\u00f1o y desarrollo de proyectos.<\/p>\n<h2>Visi\u00f3n<\/h2>\n<p>Mantenernos como referente regional en calidad, eficiencia y servicio al cliente para proyectos constructivos.<\/p>\n<h2>Valores y sus comportamientos asociados<\/h2>\n<h3>Pasi\u00f3n<\/h3>\n<ul>\n<li>Ponemos nuestras mejores destrezas y conocimientos a disposici\u00f3n<\/li>\n<li>Damos el mejor de nuestros esfuerzos en cada proyecto<\/li>\n<li>Empatizamos con el cliente y procuramos darle el mejor servicio que nos gustar\u00eda recibir<\/li>\n<li>Procuramos disfrutar de lo que hacemos<\/li>\n<li>Nuestras relaciones permiten la calidez humana y la empat\u00eda<\/li>\n<\/ul>\n<h3>Precisi\u00f3n<\/h3>\n<ul>\n<li>Transmitimos informaci\u00f3n tan exacta como nos es posible<\/li>\n<li>Facilitamos el cumplimiento legal y normativo en los proyectos<\/li>\n<li>Vigilamos todos los detalles del proyecto que est\u00e9n a nuestro alcance<\/li>\n<li>Entregamos lo solicitado en las fechas pactadas<\/li>\n<li>Comunicamos con transparencia al cliente los riesgos detectados en el proyecto<\/li>\n<li>Trabajamos con disciplina en el d\u00eda a d\u00eda<\/li>\n<\/ul>\n<h3>Confiabilidad<\/h3>\n<ul>\n<li>Proveemos siempre la mejor soluci\u00f3n posible<\/li>\n<li>Optimizaci\u00f3n de los recursos de nuestros clientes<\/li>\n<li>Cumplimos los acuerdos pactados<\/li>\n<li>Mantenemos una conducta \u00e9tica y libre de corrupci\u00f3n<\/li>\n<li>Cuidamos la informaci\u00f3n confidencial de nuestros clientes y aliados<\/li>\n<li>Trabajamos como equipo apoy\u00e1ndonos mutuamente y a nuestros clientes<\/li>\n<\/ul>\n<h2>Pol\u00edtica de calidad<\/h2>\n<p>CEGA Consultora Estructural, mantendr\u00e1 un Sistema de Gesti\u00f3n de Calidad en cada uno de los proyectos de consultor\u00eda estructural, siendo as\u00ed siempre sin\u00f3nimo de calidad. Para ello mantendremos los siguientes compromisos:<\/p>\n<ul>\n<li>La Calidad y su mejora, son responsabilidad de todos los integrantes de la empresa<\/li>\n<li>Cumplir con los entregables y plazos pactados con nuestros clientes, present\u00e1ndoles propuestas viables y acordes con las tendencias tecnol\u00f3gicas y constructivas.<\/li>\n<li>Exceder las expectativas de nuestros clientes siendo su aliado para soluciones pr\u00e1cticas, eficientes y de alto valor.<\/li>\n<li>Transformar la experiencia adquirida en cada proyecto, en mejora continua y cumplimiento de las leyes y normativas vigente<\/li>\n<\/ul>\n","protected":false},"excerpt":{"rendered":"<p> [&hellip;]<\/p>\n","protected":false},"author":1,"featured_media":0,"parent":0,"menu_order":0,"comment_status":"open","ping_status":"open","template":"","meta":[],"_links":{"self":[{"href":"https:\/\/cega.cr\/index.php?rest_route=\/wp\/v2\/pages\/2"}],"collection":[{"href":"https:\/\/cega.cr\/index.php?rest_route=\/wp\/v2\/pages"}],"about":[{"href":"https:\/\/cega.cr\/index.php?rest_route=\/wp\/v2\/types\/page"}],"author":[{"embeddable":true,"href":"https:\/\/cega.cr\/index.php?rest_route=\/wp\/v2\/users\/1"}],"replies":[{"embeddable":true,"href":"https:\/\/cega.cr\/index.php?rest_route=%2Fwp%2Fv2%2Fcomments&post=2"}],"version-history":[{"count":10,"href":"https:\/\/cega.cr\/index.php?rest_route=\/wp\/v2\/pages\/2\/revisions"}],"predecessor-version":[{"id":195,"href":"https:\/\/cega.cr\/index.php?rest_route=\/wp\/v2\/pages\/2\/revisions\/195"}],"wp:attachment":[{"href":"https:\/\/cega.cr\/index.php?rest_route=%2Fwp%2Fv2%2Fmedia&parent=2"}],"curies":[{"name":"wp","href":"https:\/\/api.w.org\/{rel}","templated":true}]}}